{"id":864,"date":"2015-09-18T09:07:39","date_gmt":"2015-09-18T07:07:39","guid":{"rendered":"http:\/\/www.finca-erotica.com\/en\/?page_id=864"},"modified":"2016-07-18T14:50:23","modified_gmt":"2016-07-18T12:50:23","slug":"x-area","status":"publish","type":"page","link":"https:\/\/www.finca-erotica.com\/en\/x-area\/","title":{"rendered":"X-Area"},"content":{"rendered":"<h2>X-CHECK<\/h2>\n<p><em>This content is only available in German.<\/em><br \/>\nZutritt nur \u00fcber 18 JahreGesetzlich vorgeschriebene Altersverifikation!<\/p>\n<p>Hinter diesem Tor findest Du den unzensierten Bereich dieser Homepage. Da Kinder hier aussenvor bleiben m\u00fcssen nutzen wir den Service der <a href=\"http:\/\/www.x-check.de\/\" target=\"_blank\">X-check Erotik Community<\/a> zur Pr\u00fcfung, ob dein Alter bereits \u00fcber 18 Jahre liegt. x-check wurde aus dem Grund von uns gew\u00e4hlt, weil die Anmeldung f\u00fcr Dich schnell und einfach zu erledigen ist. Zudem erh\u00e4ltst Du nicht nur Zugriff auf unsere Seite, sondern weit \u00fcber 100.000 zus\u00e4tzliche Sex-Angebote mit Millionen Fotos und Videos. Wir danken f\u00fcr Dein Verst\u00e4ndnis!<\/p>\n<p><a href=\"http:\/\/www.x-check.de\/signOn\/\" target=\"_blank\">Diese einmalig erforderliche Anmeldung lohnt sich also wirklich f\u00fcr Dich \u00bb Klick hier!<\/a><\/p>\n","protected":false},"excerpt":{"rendered":"<p>X-CHECK This content is only available in German. Zutritt nur \u00fcber 18 JahreGesetzlich vorgeschriebene Altersverifikation! Hinter diesem Tor findest Du den unzensierten Bereich dieser Homepage. Da Kinder hier aussenvor bleiben m\u00fcssen nutzen wir den Service der X-check Erotik Community zur Pr\u00fcfung, ob dein Alter bereits \u00fcber 18 Jahre liegt. x-check wurde aus dem Grund von [&hellip;]<\/p>\n","protected":false},"author":1,"featured_media":0,"parent":0,"menu_order":0,"comment_status":"open","ping_status":"open","template":"templates\/page-xcheck.php","meta":{"footnotes":""},"class_list":["post-864","page","type-page","status-publish","hentry"],"yoast_head":"<!-- This site is optimized with the Yoast SEO plugin v25.6 - https:\/\/yoast.com\/wordpress\/plugins\/seo\/ -->\n<title>X-Area Check | Finca Erotica | FKK Germany<\/title>\n<meta name=\"robots\" content=\"index, follow, max-snippet:-1, max-image-preview:large, max-video-preview:-1\" \/>\n<link rel=\"canonical\" href=\"https:\/\/www.finca-erotica.com\/en\/x-area\/\" \/>\n<meta property=\"og:locale\" content=\"en_US\" \/>\n<meta property=\"og:type\" content=\"article\" \/>\n<meta property=\"og:title\" content=\"X-Area Check | Finca Erotica | FKK Germany\" \/>\n<meta property=\"og:description\" content=\"X-CHECK This content is only available in German. Zutritt nur \u00fcber 18 JahreGesetzlich vorgeschriebene Altersverifikation! Hinter diesem Tor findest Du den unzensierten Bereich dieser Homepage. Da Kinder hier aussenvor bleiben m\u00fcssen nutzen wir den Service der X-check Erotik Community zur Pr\u00fcfung, ob dein Alter bereits \u00fcber 18 Jahre liegt. x-check wurde aus dem Grund von [&hellip;]\" \/>\n<meta property=\"og:url\" content=\"https:\/\/www.finca-erotica.com\/en\/x-area\/\" \/>\n<meta property=\"og:site_name\" content=\"Finca Erotica\" \/>\n<meta property=\"article:modified_time\" content=\"2016-07-18T12:50:23+00:00\" \/>\n<meta name=\"twitter:card\" content=\"summary_large_image\" \/>\n<meta name=\"twitter:label1\" content=\"Est. reading time\" \/>\n\t<meta name=\"twitter:data1\" content=\"1 minute\" \/>\n<script type=\"application\/ld+json\" class=\"yoast-schema-graph\">{\"@context\":\"https:\/\/schema.org\",\"@graph\":[{\"@type\":\"WebPage\",\"@id\":\"https:\/\/www.finca-erotica.com\/en\/x-area\/\",\"url\":\"https:\/\/www.finca-erotica.com\/en\/x-area\/\",\"name\":\"X-Area Check | Finca Erotica | FKK Germany\",\"isPartOf\":{\"@id\":\"https:\/\/www.finca-erotica.com\/#website\"},\"datePublished\":\"2015-09-18T07:07:39+00:00\",\"dateModified\":\"2016-07-18T12:50:23+00:00\",\"breadcrumb\":{\"@id\":\"https:\/\/www.finca-erotica.com\/en\/x-area\/#breadcrumb\"},\"inLanguage\":\"en-US\",\"potentialAction\":[{\"@type\":\"ReadAction\",\"target\":[\"https:\/\/www.finca-erotica.com\/en\/x-area\/\"]}]},{\"@type\":\"BreadcrumbList\",\"@id\":\"https:\/\/www.finca-erotica.com\/en\/x-area\/#breadcrumb\",\"itemListElement\":[{\"@type\":\"ListItem\",\"position\":1,\"name\":\"Home\",\"item\":\"https:\/\/www.finca-erotica.com\/en\/\"},{\"@type\":\"ListItem\",\"position\":2,\"name\":\"X-Area\"}]},{\"@type\":\"WebSite\",\"@id\":\"https:\/\/www.finca-erotica.com\/#website\",\"url\":\"https:\/\/www.finca-erotica.com\/\",\"name\":\"Finca Erotica\",\"description\":\"Eine weitere WordPress-Seite\",\"potentialAction\":[{\"@type\":\"SearchAction\",\"target\":{\"@type\":\"EntryPoint\",\"urlTemplate\":\"https:\/\/www.finca-erotica.com\/?s={search_term_string}\"},\"query-input\":{\"@type\":\"PropertyValueSpecification\",\"valueRequired\":true,\"valueName\":\"search_term_string\"}}],\"inLanguage\":\"en-US\"}]}<\/script>\n<!-- \/ Yoast SEO plugin. -->","yoast_head_json":{"title":"X-Area Check | Finca Erotica | FKK Germany","robots":{"index":"index","follow":"follow","max-snippet":"max-snippet:-1","max-image-preview":"max-image-preview:large","max-video-preview":"max-video-preview:-1"},"canonical":"https:\/\/www.finca-erotica.com\/en\/x-area\/","og_locale":"en_US","og_type":"article","og_title":"X-Area Check | Finca Erotica | FKK Germany","og_description":"X-CHECK This content is only available in German. Zutritt nur \u00fcber 18 JahreGesetzlich vorgeschriebene Altersverifikation! Hinter diesem Tor findest Du den unzensierten Bereich dieser Homepage. Da Kinder hier aussenvor bleiben m\u00fcssen nutzen wir den Service der X-check Erotik Community zur Pr\u00fcfung, ob dein Alter bereits \u00fcber 18 Jahre liegt. x-check wurde aus dem Grund von [&hellip;]","og_url":"https:\/\/www.finca-erotica.com\/en\/x-area\/","og_site_name":"Finca Erotica","article_modified_time":"2016-07-18T12:50:23+00:00","twitter_card":"summary_large_image","twitter_misc":{"Est. reading time":"1 minute"},"schema":{"@context":"https:\/\/schema.org","@graph":[{"@type":"WebPage","@id":"https:\/\/www.finca-erotica.com\/en\/x-area\/","url":"https:\/\/www.finca-erotica.com\/en\/x-area\/","name":"X-Area Check | Finca Erotica | FKK Germany","isPartOf":{"@id":"https:\/\/www.finca-erotica.com\/#website"},"datePublished":"2015-09-18T07:07:39+00:00","dateModified":"2016-07-18T12:50:23+00:00","breadcrumb":{"@id":"https:\/\/www.finca-erotica.com\/en\/x-area\/#breadcrumb"},"inLanguage":"en-US","potentialAction":[{"@type":"ReadAction","target":["https:\/\/www.finca-erotica.com\/en\/x-area\/"]}]},{"@type":"BreadcrumbList","@id":"https:\/\/www.finca-erotica.com\/en\/x-area\/#breadcrumb","itemListElement":[{"@type":"ListItem","position":1,"name":"Home","item":"https:\/\/www.finca-erotica.com\/en\/"},{"@type":"ListItem","position":2,"name":"X-Area"}]},{"@type":"WebSite","@id":"https:\/\/www.finca-erotica.com\/#website","url":"https:\/\/www.finca-erotica.com\/","name":"Finca Erotica","description":"Eine weitere WordPress-Seite","potentialAction":[{"@type":"SearchAction","target":{"@type":"EntryPoint","urlTemplate":"https:\/\/www.finca-erotica.com\/?s={search_term_string}"},"query-input":{"@type":"PropertyValueSpecification","valueRequired":true,"valueName":"search_term_string"}}],"inLanguage":"en-US"}]}},"_links":{"self":[{"href":"https:\/\/www.finca-erotica.com\/en\/wp-json\/wp\/v2\/pages\/864","targetHints":{"allow":["GET"]}}],"collection":[{"href":"https:\/\/www.finca-erotica.com\/en\/wp-json\/wp\/v2\/pages"}],"about":[{"href":"https:\/\/www.finca-erotica.com\/en\/wp-json\/wp\/v2\/types\/page"}],"author":[{"embeddable":true,"href":"https:\/\/www.finca-erotica.com\/en\/wp-json\/wp\/v2\/users\/1"}],"replies":[{"embeddable":true,"href":"https:\/\/www.finca-erotica.com\/en\/wp-json\/wp\/v2\/comments?post=864"}],"version-history":[{"count":4,"href":"https:\/\/www.finca-erotica.com\/en\/wp-json\/wp\/v2\/pages\/864\/revisions"}],"predecessor-version":[{"id":1382,"href":"https:\/\/www.finca-erotica.com\/en\/wp-json\/wp\/v2\/pages\/864\/revisions\/1382"}],"wp:attachment":[{"href":"https:\/\/www.finca-erotica.com\/en\/wp-json\/wp\/v2\/media?parent=864"}],"curies":[{"name":"wp","href":"https:\/\/api.w.org\/{rel}","templated":true}]}}