{"id":407,"date":"2015-09-03T10:35:32","date_gmt":"2015-09-03T08:35:32","guid":{"rendered":"http:\/\/www.finca-erotica.com\/?page_id=407&#038;lang=fr"},"modified":"2016-07-18T14:50:33","modified_gmt":"2016-07-18T12:50:33","slug":"home","status":"publish","type":"page","link":"https:\/\/www.finca-erotica.com\/fr\/","title":{"rendered":"Home"},"content":{"rendered":"<h1 style=\"text-align: left;\"><span style=\"font-size: large;\">BIENVENUE<\/span><\/h1>\n<p>Au<strong> maison close Finca Erotica<\/strong>, qui se trouve directement entre la Rh\u00e9nanie du Nord Westphalie, la Hesse et le Rh\u00e9nanie-Palatinat, tu pourras d\u00e9couvrir la sensualit\u00e9 sous toutes ces facettes. Tous types de femmes attrayantes et extravagantes te feront vivre une douce aventure \u00ab\u00a0wellness\u00a0\u00bb dans notre paysage de bien-\u00eatre m\u00e9diterran\u00e9en et te permettront de te d\u00e9tendre \u00e0 100 %. Echappe-toi vite du tourbillon fr\u00e9n\u00e9tique de Cologne, Bonn, Francfort, Siegen ou Coblence et viens tout oublier dans notre exceptionnel club sauna. Attends-toi \u00e0 un \u00e9rotisme p\u00e9tillant sur 3000 m\u00b2 dont un espace ext\u00e9rieur entretenu de 2000 m\u00b2 et une piscine rafra\u00eechissante dans une <a title=\"Ambiance\" href=\"\/fr\/galeries\/ambiance\/\">ambiance pleine d&rsquo;imagination<\/a> avec jacuzzi, cin\u00e9ma \u00e9rotique et grand bar.<\/p>\n<p>Nos \u00e9v\u00e8nements permanents offrent une multitude de divertissements et pour les consommateurs avertis, le club naturiste offre une<a title=\"Events et Infos\" href=\"\/fr\/info\/\"> happy hour.<\/a><\/p>\n<p>Laisse-toi tenter d\u00e8s maintenant par nos <a title=\"Vid\u00e9os\" href=\"\/fr\/galeries\/videos\/\">vid\u00e9os<\/a>, photos et vues <a title=\"360 degr\u00e9s vue panoramique sur nudiste club de\" href=\"\/fr\/galeries\/clubtour\/\">panoramiques<\/a> ou viens nous rendre visite sur place pour te faire ta propre id\u00e9e ! Nous tenons nos promesses.<\/p>\n<p>R\u00e9jouis-toi d&rsquo;un club sauna de premi\u00e8re classe\u00a0!<\/p>\n<p>L&rsquo;\u00e9quipe<\/p>\n<p><strong>du club naturiste Finca Erotica<\/strong><\/p>\n","protected":false},"excerpt":{"rendered":"<p>BIENVENUE Au maison close Finca Erotica, qui se trouve directement entre la Rh\u00e9nanie du Nord Westphalie, la Hesse et le Rh\u00e9nanie-Palatinat, tu pourras d\u00e9couvrir la sensualit\u00e9 sous toutes ces facettes. Tous types de femmes attrayantes et extravagantes te feront vivre une douce aventure \u00ab\u00a0wellness\u00a0\u00bb dans notre paysage de bien-\u00eatre m\u00e9diterran\u00e9en et te permettront de te [&hellip;]<\/p>\n","protected":false},"author":1,"featured_media":0,"parent":0,"menu_order":0,"comment_status":"open","ping_status":"closed","template":"templates\/page-home.php","meta":{"footnotes":""},"class_list":["post-407","page","type-page","status-publish","hentry"],"yoast_head":"<!-- This site is optimized with the Yoast SEO plugin v25.6 - https:\/\/yoast.com\/wordpress\/plugins\/seo\/ -->\n<title>Finca Erotica | Maison close Allemagne<\/title>\n<meta name=\"description\" content=\"Tous types de femmes attrayantes et extravagantes te feront vivre une douce aventure &quot;wellness&quot; dans notre paysage de bien-\u00eatre m\u00e9diterran\u00e9en et te permettront de te d\u00e9tendre \u00e0 100 %.\" \/>\n<meta name=\"robots\" content=\"index, follow, max-snippet:-1, max-image-preview:large, max-video-preview:-1\" \/>\n<link rel=\"canonical\" href=\"https:\/\/www.finca-erotica.com\/fr\/\" \/>\n<meta property=\"og:locale\" content=\"fr_FR\" \/>\n<meta property=\"og:type\" content=\"article\" \/>\n<meta property=\"og:title\" content=\"Finca Erotica | Maison close Allemagne\" \/>\n<meta property=\"og:description\" content=\"Tous types de femmes attrayantes et extravagantes te feront vivre une douce aventure &quot;wellness&quot; dans notre paysage de bien-\u00eatre m\u00e9diterran\u00e9en et te permettront de te d\u00e9tendre \u00e0 100 %.\" \/>\n<meta property=\"og:url\" content=\"https:\/\/www.finca-erotica.com\/fr\/\" \/>\n<meta property=\"og:site_name\" content=\"Finca Erotica\" \/>\n<meta property=\"article:modified_time\" content=\"2016-07-18T12:50:33+00:00\" \/>\n<meta name=\"twitter:card\" content=\"summary_large_image\" \/>\n<meta name=\"twitter:label1\" content=\"Dur\u00e9e de lecture estim\u00e9e\" \/>\n\t<meta name=\"twitter:data1\" content=\"1 minute\" \/>\n<script type=\"application\/ld+json\" class=\"yoast-schema-graph\">{\"@context\":\"https:\/\/schema.org\",\"@graph\":[{\"@type\":\"WebPage\",\"@id\":\"https:\/\/www.finca-erotica.com\/fr\/\",\"url\":\"https:\/\/www.finca-erotica.com\/fr\/\",\"name\":\"Finca Erotica | Maison close Allemagne\",\"isPartOf\":{\"@id\":\"https:\/\/www.finca-erotica.com\/#website\"},\"datePublished\":\"2015-09-03T08:35:32+00:00\",\"dateModified\":\"2016-07-18T12:50:33+00:00\",\"description\":\"Tous types de femmes attrayantes et extravagantes te feront vivre une douce aventure \\\"wellness\\\" dans notre paysage de bien-\u00eatre m\u00e9diterran\u00e9en et te permettront de te d\u00e9tendre \u00e0 100 %.\",\"breadcrumb\":{\"@id\":\"https:\/\/www.finca-erotica.com\/fr\/#breadcrumb\"},\"inLanguage\":\"fr-FR\",\"potentialAction\":[{\"@type\":\"ReadAction\",\"target\":[\"https:\/\/www.finca-erotica.com\/fr\/\"]}]},{\"@type\":\"BreadcrumbList\",\"@id\":\"https:\/\/www.finca-erotica.com\/fr\/#breadcrumb\",\"itemListElement\":[{\"@type\":\"ListItem\",\"position\":1,\"name\":\"Home\",\"item\":\"https:\/\/www.finca-erotica.com\/fr\/\"},{\"@type\":\"ListItem\",\"position\":2,\"name\":\"Home\"}]},{\"@type\":\"WebSite\",\"@id\":\"https:\/\/www.finca-erotica.com\/#website\",\"url\":\"https:\/\/www.finca-erotica.com\/\",\"name\":\"Finca Erotica\",\"description\":\"Eine weitere WordPress-Seite\",\"potentialAction\":[{\"@type\":\"SearchAction\",\"target\":{\"@type\":\"EntryPoint\",\"urlTemplate\":\"https:\/\/www.finca-erotica.com\/?s={search_term_string}\"},\"query-input\":{\"@type\":\"PropertyValueSpecification\",\"valueRequired\":true,\"valueName\":\"search_term_string\"}}],\"inLanguage\":\"fr-FR\"}]}<\/script>\n<!-- \/ Yoast SEO plugin. -->","yoast_head_json":{"title":"Finca Erotica | Maison close Allemagne","description":"Tous types de femmes attrayantes et extravagantes te feront vivre une douce aventure \"wellness\" dans notre paysage de bien-\u00eatre m\u00e9diterran\u00e9en et te permettront de te d\u00e9tendre \u00e0 100 %.","robots":{"index":"index","follow":"follow","max-snippet":"max-snippet:-1","max-image-preview":"max-image-preview:large","max-video-preview":"max-video-preview:-1"},"canonical":"https:\/\/www.finca-erotica.com\/fr\/","og_locale":"fr_FR","og_type":"article","og_title":"Finca Erotica | Maison close Allemagne","og_description":"Tous types de femmes attrayantes et extravagantes te feront vivre une douce aventure \"wellness\" dans notre paysage de bien-\u00eatre m\u00e9diterran\u00e9en et te permettront de te d\u00e9tendre \u00e0 100 %.","og_url":"https:\/\/www.finca-erotica.com\/fr\/","og_site_name":"Finca Erotica","article_modified_time":"2016-07-18T12:50:33+00:00","twitter_card":"summary_large_image","twitter_misc":{"Dur\u00e9e de lecture estim\u00e9e":"1 minute"},"schema":{"@context":"https:\/\/schema.org","@graph":[{"@type":"WebPage","@id":"https:\/\/www.finca-erotica.com\/fr\/","url":"https:\/\/www.finca-erotica.com\/fr\/","name":"Finca Erotica | Maison close Allemagne","isPartOf":{"@id":"https:\/\/www.finca-erotica.com\/#website"},"datePublished":"2015-09-03T08:35:32+00:00","dateModified":"2016-07-18T12:50:33+00:00","description":"Tous types de femmes attrayantes et extravagantes te feront vivre une douce aventure \"wellness\" dans notre paysage de bien-\u00eatre m\u00e9diterran\u00e9en et te permettront de te d\u00e9tendre \u00e0 100 %.","breadcrumb":{"@id":"https:\/\/www.finca-erotica.com\/fr\/#breadcrumb"},"inLanguage":"fr-FR","potentialAction":[{"@type":"ReadAction","target":["https:\/\/www.finca-erotica.com\/fr\/"]}]},{"@type":"BreadcrumbList","@id":"https:\/\/www.finca-erotica.com\/fr\/#breadcrumb","itemListElement":[{"@type":"ListItem","position":1,"name":"Home","item":"https:\/\/www.finca-erotica.com\/fr\/"},{"@type":"ListItem","position":2,"name":"Home"}]},{"@type":"WebSite","@id":"https:\/\/www.finca-erotica.com\/#website","url":"https:\/\/www.finca-erotica.com\/","name":"Finca Erotica","description":"Eine weitere WordPress-Seite","potentialAction":[{"@type":"SearchAction","target":{"@type":"EntryPoint","urlTemplate":"https:\/\/www.finca-erotica.com\/?s={search_term_string}"},"query-input":{"@type":"PropertyValueSpecification","valueRequired":true,"valueName":"search_term_string"}}],"inLanguage":"fr-FR"}]}},"_links":{"self":[{"href":"https:\/\/www.finca-erotica.com\/fr\/wp-json\/wp\/v2\/pages\/407","targetHints":{"allow":["GET"]}}],"collection":[{"href":"https:\/\/www.finca-erotica.com\/fr\/wp-json\/wp\/v2\/pages"}],"about":[{"href":"https:\/\/www.finca-erotica.com\/fr\/wp-json\/wp\/v2\/types\/page"}],"author":[{"embeddable":true,"href":"https:\/\/www.finca-erotica.com\/fr\/wp-json\/wp\/v2\/users\/1"}],"replies":[{"embeddable":true,"href":"https:\/\/www.finca-erotica.com\/fr\/wp-json\/wp\/v2\/comments?post=407"}],"version-history":[{"count":7,"href":"https:\/\/www.finca-erotica.com\/fr\/wp-json\/wp\/v2\/pages\/407\/revisions"}],"predecessor-version":[{"id":1506,"href":"https:\/\/www.finca-erotica.com\/fr\/wp-json\/wp\/v2\/pages\/407\/revisions\/1506"}],"wp:attachment":[{"href":"https:\/\/www.finca-erotica.com\/fr\/wp-json\/wp\/v2\/media?parent=407"}],"curies":[{"name":"wp","href":"https:\/\/api.w.org\/{rel}","templated":true}]}}