{"id":424,"date":"2015-09-03T13:57:50","date_gmt":"2015-09-03T11:57:50","guid":{"rendered":"http:\/\/www.finca-erotica.com\/?page_id=424&#038;lang=fr"},"modified":"2025-10-20T14:25:34","modified_gmt":"2025-10-20T12:25:34","slug":"info","status":"publish","type":"page","link":"https:\/\/www.finca-erotica.com\/fr\/info\/","title":{"rendered":"Info"},"content":{"rendered":"<div class=\"row\">\n<div class=\"columns small-12 medium-6 large-3\">\n<h3>Horaires d&rsquo;ouverture<\/h3>\n<p>Lundi &#8211; Dimanche:<br \/>\n11h &#8211; 4h\n<\/p><\/div>\n<div class=\"columns small-3\">\n<h3>HAPPY HOUR<\/h3>\n<p>11h &#8211; 14h<br \/>\n22h &#8211; 23h<\/p>\n<p>T\u00e9l: (+49)2689 &#8211; 972 945 0\n<\/p><\/div>\n<div class=\"columns small-12 medium-6 large-3\">\n<h3>Nos Buffets<\/h3>\n<p>de 11h \u00e0 14h30 :<br \/>\nPetit-d\u00e9jeuner copieux<\/p>\n<p>de 15h \u00e0 18h :<br \/>\nBuffet sucr\u00e9 (tartes, g\u00e2teaux et fruits)<\/p>\n<p>A partir de 18h :<br \/>\nBuffet chaud avec de nouveaux plats chaque jour#\u00f6<\/p>\n<\/div>\n<div class=\"columns small-12 medium-6 large-3\">\n<h3>Allusion<\/h3>\n<p>Les impressions de billets gratuits \u00e0 partir de l&rsquo;Internet ne sont pas applicables \u00e0 des parties et \u00e9v\u00e9nements!\n<\/p><\/div>\n<\/div>\n<hr \/>\n<div class=\"row\">\n<div class=\"columns small-12 medium-6\">\n<h2>Promotions \u00e0 long terme<\/h2>\n<h3>FINCA GOLD CARD<\/h3>\n<p>Vous pouvez d\u00e9sormais acheter la Finca Gold card au prix de 499 \u20ac**.<br \/>\n10 entr\u00e9es d&rsquo;une valeur de 600 \u20ac.<br \/>\n** non valable pour les f\u00eates et \u00e9v\u00e8nements<\/p>\n<h3>Happy Hour:<\/h3>\n<p>Entr\u00e9e 40 \u20ac* seulement<br \/>\n11h &#8211; 14h<br \/>\n22h &#8211; 23h<\/p>\n<h3>Le dimanche et le lundi \u00e0 partir de 20h:<\/h3>\n<p>3 pour 2 : Si tu viens avec 2 amis, ton entr\u00e9e est gratuite ! *<\/p>\n<p>* Les tarifs de l&rsquo;happy hour ne s&rsquo;appliquent pas pour les f\u00eates et les \u00e9v\u00e8nements des shows.<br \/>\n* Le prix de l&rsquo;happy hour n&rsquo;inclut pas de bi\u00e8re gratuite ni de peignoir.<br \/>\n* Non cumulable avec d&rsquo;autres promotions.<\/p>\n<\/div>\n<div class=\"columns small-12 medium-6\">\n<h2>Les tarifs de notre club sauna<\/h2>\n<p>Tous ceux qui payent l&rsquo;entr\u00e9e \u00e0 plein tarif obtiennent gratuitement une<br \/>\ncarte bonus lors. de leur entr\u00e9e.<br \/>\nL&rsquo;entr\u00e9e s&rsquo;\u00e9l\u00e8ve \u00e0 60 \u20ac et comprend l&rsquo;usage de :<br \/>\n\u2022 Casiers<br \/>\n\u2022 Serviettes propres<br \/>\n\u2022 Douches<br \/>\n\u2022 Sandales de bain d\u00e9sinfect\u00e9es<br \/>\n\u2022 Piscine ext\u00e9rieure<br \/>\n\u2022 Cin\u00e9ma \u00e9rotique<br \/>\n\u2022 Boissons rafra\u00eechissantes<br \/>\n\u2022 Magazines<br \/>\n\u2022 Armoire m\u00e9tallique fermant \u00e0 clef<br \/>\n\u2022 Peignoir<br \/>\n\u2022 Produits de beaut\u00e9 (gel \/ laque, cotons-tiges Q-Tips, d\u00e9o).<br \/>\n\u2022 Jacuzzi<br \/>\n\u2022 Grand sauna<br \/>\n\u2022 Salles de repos<br \/>\n\u2022 Quotidiens<br \/>\n\u2022 Bi\u00e8re gratuite<\/p>\n<p>MASSAGES MEDICALISES<br \/>\nOffre-toi un massage professionnel au prix de 30 \u20ac pour 30 minutes.\n<\/p><\/div>\n<\/div>\n","protected":false},"excerpt":{"rendered":"","protected":false},"author":1,"featured_media":7927,"parent":0,"menu_order":0,"comment_status":"open","ping_status":"open","template":"","meta":{"footnotes":""},"class_list":["post-424","page","type-page","status-publish","has-post-thumbnail","hentry"],"yoast_head":"<!-- This site is optimized with the Yoast SEO plugin v25.6 - https:\/\/yoast.com\/wordpress\/plugins\/seo\/ -->\n<title>Info | Finca Erotica | Maison close Allemagne<\/title>\n<meta name=\"robots\" content=\"index, follow, max-snippet:-1, max-image-preview:large, max-video-preview:-1\" \/>\n<link rel=\"canonical\" href=\"https:\/\/www.finca-erotica.com\/fr\/info\/\" \/>\n<meta property=\"og:locale\" content=\"fr_FR\" \/>\n<meta property=\"og:type\" content=\"article\" \/>\n<meta property=\"og:title\" content=\"Info | Finca Erotica | Maison close Allemagne\" \/>\n<meta property=\"og:url\" content=\"https:\/\/www.finca-erotica.com\/fr\/info\/\" \/>\n<meta property=\"og:site_name\" content=\"Finca Erotica\" \/>\n<meta property=\"article:modified_time\" content=\"2025-10-20T12:25:34+00:00\" \/>\n<meta property=\"og:image\" content=\"https:\/\/www.finca-erotica.com\/wp-content\/uploads\/2015\/09\/fkk-finca-erotica_menu_infos.jpg\" \/>\n\t<meta property=\"og:image:width\" content=\"565\" \/>\n\t<meta property=\"og:image:height\" content=\"286\" \/>\n\t<meta property=\"og:image:type\" content=\"image\/jpeg\" \/>\n<meta name=\"twitter:card\" content=\"summary_large_image\" \/>\n<meta name=\"twitter:label1\" content=\"Dur\u00e9e de lecture estim\u00e9e\" \/>\n\t<meta name=\"twitter:data1\" content=\"2 minutes\" \/>\n<script type=\"application\/ld+json\" class=\"yoast-schema-graph\">{\"@context\":\"https:\/\/schema.org\",\"@graph\":[{\"@type\":\"WebPage\",\"@id\":\"https:\/\/www.finca-erotica.com\/fr\/info\/\",\"url\":\"https:\/\/www.finca-erotica.com\/fr\/info\/\",\"name\":\"Info | Finca Erotica | Maison close Allemagne\",\"isPartOf\":{\"@id\":\"https:\/\/www.finca-erotica.com\/#website\"},\"primaryImageOfPage\":{\"@id\":\"https:\/\/www.finca-erotica.com\/fr\/info\/#primaryimage\"},\"image\":{\"@id\":\"https:\/\/www.finca-erotica.com\/fr\/info\/#primaryimage\"},\"thumbnailUrl\":\"https:\/\/www.finca-erotica.com\/wp-content\/uploads\/2015\/09\/fkk-finca-erotica_menu_infos.jpg\",\"datePublished\":\"2015-09-03T11:57:50+00:00\",\"dateModified\":\"2025-10-20T12:25:34+00:00\",\"breadcrumb\":{\"@id\":\"https:\/\/www.finca-erotica.com\/fr\/info\/#breadcrumb\"},\"inLanguage\":\"fr-FR\",\"potentialAction\":[{\"@type\":\"ReadAction\",\"target\":[\"https:\/\/www.finca-erotica.com\/fr\/info\/\"]}]},{\"@type\":\"ImageObject\",\"inLanguage\":\"fr-FR\",\"@id\":\"https:\/\/www.finca-erotica.com\/fr\/info\/#primaryimage\",\"url\":\"https:\/\/www.finca-erotica.com\/wp-content\/uploads\/2015\/09\/fkk-finca-erotica_menu_infos.jpg\",\"contentUrl\":\"https:\/\/www.finca-erotica.com\/wp-content\/uploads\/2015\/09\/fkk-finca-erotica_menu_infos.jpg\",\"width\":\"565\",\"height\":\"286\"},{\"@type\":\"BreadcrumbList\",\"@id\":\"https:\/\/www.finca-erotica.com\/fr\/info\/#breadcrumb\",\"itemListElement\":[{\"@type\":\"ListItem\",\"position\":1,\"name\":\"Home\",\"item\":\"https:\/\/www.finca-erotica.com\/fr\/\"},{\"@type\":\"ListItem\",\"position\":2,\"name\":\"Info\"}]},{\"@type\":\"WebSite\",\"@id\":\"https:\/\/www.finca-erotica.com\/#website\",\"url\":\"https:\/\/www.finca-erotica.com\/\",\"name\":\"Finca Erotica\",\"description\":\"Eine weitere WordPress-Seite\",\"potentialAction\":[{\"@type\":\"SearchAction\",\"target\":{\"@type\":\"EntryPoint\",\"urlTemplate\":\"https:\/\/www.finca-erotica.com\/?s={search_term_string}\"},\"query-input\":{\"@type\":\"PropertyValueSpecification\",\"valueRequired\":true,\"valueName\":\"search_term_string\"}}],\"inLanguage\":\"fr-FR\"}]}<\/script>\n<!-- \/ Yoast SEO plugin. -->","yoast_head_json":{"title":"Info | Finca Erotica | Maison close Allemagne","robots":{"index":"index","follow":"follow","max-snippet":"max-snippet:-1","max-image-preview":"max-image-preview:large","max-video-preview":"max-video-preview:-1"},"canonical":"https:\/\/www.finca-erotica.com\/fr\/info\/","og_locale":"fr_FR","og_type":"article","og_title":"Info | Finca Erotica | Maison close Allemagne","og_url":"https:\/\/www.finca-erotica.com\/fr\/info\/","og_site_name":"Finca Erotica","article_modified_time":"2025-10-20T12:25:34+00:00","og_image":[{"width":565,"height":286,"url":"https:\/\/www.finca-erotica.com\/wp-content\/uploads\/2015\/09\/fkk-finca-erotica_menu_infos.jpg","type":"image\/jpeg"}],"twitter_card":"summary_large_image","twitter_misc":{"Dur\u00e9e de lecture estim\u00e9e":"2 minutes"},"schema":{"@context":"https:\/\/schema.org","@graph":[{"@type":"WebPage","@id":"https:\/\/www.finca-erotica.com\/fr\/info\/","url":"https:\/\/www.finca-erotica.com\/fr\/info\/","name":"Info | Finca Erotica | Maison close Allemagne","isPartOf":{"@id":"https:\/\/www.finca-erotica.com\/#website"},"primaryImageOfPage":{"@id":"https:\/\/www.finca-erotica.com\/fr\/info\/#primaryimage"},"image":{"@id":"https:\/\/www.finca-erotica.com\/fr\/info\/#primaryimage"},"thumbnailUrl":"https:\/\/www.finca-erotica.com\/wp-content\/uploads\/2015\/09\/fkk-finca-erotica_menu_infos.jpg","datePublished":"2015-09-03T11:57:50+00:00","dateModified":"2025-10-20T12:25:34+00:00","breadcrumb":{"@id":"https:\/\/www.finca-erotica.com\/fr\/info\/#breadcrumb"},"inLanguage":"fr-FR","potentialAction":[{"@type":"ReadAction","target":["https:\/\/www.finca-erotica.com\/fr\/info\/"]}]},{"@type":"ImageObject","inLanguage":"fr-FR","@id":"https:\/\/www.finca-erotica.com\/fr\/info\/#primaryimage","url":"https:\/\/www.finca-erotica.com\/wp-content\/uploads\/2015\/09\/fkk-finca-erotica_menu_infos.jpg","contentUrl":"https:\/\/www.finca-erotica.com\/wp-content\/uploads\/2015\/09\/fkk-finca-erotica_menu_infos.jpg","width":"565","height":"286"},{"@type":"BreadcrumbList","@id":"https:\/\/www.finca-erotica.com\/fr\/info\/#breadcrumb","itemListElement":[{"@type":"ListItem","position":1,"name":"Home","item":"https:\/\/www.finca-erotica.com\/fr\/"},{"@type":"ListItem","position":2,"name":"Info"}]},{"@type":"WebSite","@id":"https:\/\/www.finca-erotica.com\/#website","url":"https:\/\/www.finca-erotica.com\/","name":"Finca Erotica","description":"Eine weitere WordPress-Seite","potentialAction":[{"@type":"SearchAction","target":{"@type":"EntryPoint","urlTemplate":"https:\/\/www.finca-erotica.com\/?s={search_term_string}"},"query-input":{"@type":"PropertyValueSpecification","valueRequired":true,"valueName":"search_term_string"}}],"inLanguage":"fr-FR"}]}},"_links":{"self":[{"href":"https:\/\/www.finca-erotica.com\/fr\/wp-json\/wp\/v2\/pages\/424","targetHints":{"allow":["GET"]}}],"collection":[{"href":"https:\/\/www.finca-erotica.com\/fr\/wp-json\/wp\/v2\/pages"}],"about":[{"href":"https:\/\/www.finca-erotica.com\/fr\/wp-json\/wp\/v2\/types\/page"}],"author":[{"embeddable":true,"href":"https:\/\/www.finca-erotica.com\/fr\/wp-json\/wp\/v2\/users\/1"}],"replies":[{"embeddable":true,"href":"https:\/\/www.finca-erotica.com\/fr\/wp-json\/wp\/v2\/comments?post=424"}],"version-history":[{"count":5,"href":"https:\/\/www.finca-erotica.com\/fr\/wp-json\/wp\/v2\/pages\/424\/revisions"}],"predecessor-version":[{"id":9539,"href":"https:\/\/www.finca-erotica.com\/fr\/wp-json\/wp\/v2\/pages\/424\/revisions\/9539"}],"wp:featuredmedia":[{"embeddable":true,"href":"https:\/\/www.finca-erotica.com\/fr\/wp-json\/wp\/v2\/media\/7927"}],"wp:attachment":[{"href":"https:\/\/www.finca-erotica.com\/fr\/wp-json\/wp\/v2\/media?parent=424"}],"curies":[{"name":"wp","href":"https:\/\/api.w.org\/{rel}","templated":true}]}}