{"id":469,"date":"2015-09-04T11:49:26","date_gmt":"2015-09-04T09:49:26","guid":{"rendered":"http:\/\/www.finca-erotica.com\/?page_id=469&#038;lang=fr"},"modified":"2016-07-18T14:50:32","modified_gmt":"2016-07-18T12:50:32","slug":"zone-x","status":"publish","type":"page","link":"https:\/\/www.finca-erotica.com\/fr\/galeries\/zone-x\/","title":{"rendered":"Zone X"},"content":{"rendered":"<div class=\"row\">\n<div class=\"columns small-12 medium-6\">\n<h3>Zone X<\/h3>\n<p>Afin de prot\u00e9ger l&rsquo;acc\u00e8s \u00e0 des photos ou vid\u00e9os interdites aux mineurs, la loi stipule qu&rsquo;il convient de proc\u00e9der \u00e0 une v\u00e9rification de l&rsquo;\u00e2ge. C&rsquo;est pourquoi nous te demandons d&rsquo;utiliser l&rsquo;un de nos syst\u00e8mes de v\u00e9rification de l&rsquo;\u00e2ge mentionn\u00e9s ici pour confirmer que tu es majeur(e).<\/p>\n<h3>Soutien<\/h3>\n<p>Pour toutes questions techniques ou pour toute assistance contenant des d\u00e9tails sur chacun des syst\u00e8mes de v\u00e9rification, merci de t&rsquo;adresser au fournisseur respectif exclusivement.\n<\/p><\/div>\n<h3>Syst\u00e8mes de v\u00e9rification de l&rsquo;\u00e2ge (SVA)<\/h3>\n<div class=\"columns small-12 medium-6 large-3\">\n<\/div>\n<div class=\"columns small-12 medium-3\">\n<div class=\"event-widget-image gallery-thumb\"><img loading=\"lazy\" decoding=\"async\" class=\"size-full wp-image-690 alignleft event-pic-overlay\" src=\"https:\/\/www.finca-erotica.com\/wp-content\/uploads\/2015\/08\/fkk-finca-erotica_x-area.jpg\" alt=\"fkk-finca-erotica_x-area\" width=\"253\" height=\"253\" srcset=\"https:\/\/www.finca-erotica.com\/wp-content\/uploads\/2015\/08\/fkk-finca-erotica_x-area.jpg 253w, https:\/\/www.finca-erotica.com\/wp-content\/uploads\/2015\/08\/fkk-finca-erotica_x-area-150x150.jpg 150w\" sizes=\"auto, (max-width: 253px) 100vw, 253px\" \/><img decoding=\"async\" src=\"https:\/\/www.finca-erotica.com\/wp-content\/themes\/finca-erotica\/img\/fkk-finca-erotica_event-pic-overlay.png\" alt=\"pic-overlay\"><\/p>\n<div class=\"event-corner\">\n                    <img decoding=\"async\" class=\"event-corner-arrow\" src=\"https:\/\/www.finca-erotica.com\/wp-content\/themes\/finca-erotica\/img\/fkk-finca-erotica_event-pic-pfeil.png\">\n                <\/div>\n<\/p><\/div>\n<\/div>\n<div class=\"columns small-12 medium-3\">\n<strong>X-Check<\/strong><br \/>\nV\u00e9rification de l&rsquo;\u00e2ge via X-Check Basic. Pour une nouvelle inscription \u00e0 X-Check, des frais suppl\u00e9mentaires sont exigibles (une fois 29,50 euros) Merci de tenir compte des indications des prix sur le site Internet de X-Check.<\/p>\n<p><a class=\"no-ajax\" href=\"https:\/\/www.finca-erotica.com\/fr\/x-area\/\">Proceed to login &gt;&gt;<\/a><\/p>\n<p>Dear guests , please not that for technical reasons access to X &#8211; Area is possible only with a Windows PC.<br \/>\nUnfortunately there are no technical solutions available for MacOS , iPhones , iPads , tablets or smartphones.<br \/>\nThank you for your understanding.<\/p>\n<\/div>\n<\/div>\n","protected":false},"excerpt":{"rendered":"","protected":false},"author":1,"featured_media":7911,"parent":547,"menu_order":0,"comment_status":"open","ping_status":"open","template":"","meta":{"footnotes":""},"class_list":["post-469","page","type-page","status-publish","has-post-thumbnail","hentry"],"yoast_head":"<!-- This site is optimized with the Yoast SEO plugin v25.6 - https:\/\/yoast.com\/wordpress\/plugins\/seo\/ -->\n<title>Zone X | Finca Erotica | Maison close Allemagne<\/title>\n<meta name=\"robots\" content=\"index, follow, max-snippet:-1, max-image-preview:large, max-video-preview:-1\" \/>\n<link rel=\"canonical\" href=\"https:\/\/www.finca-erotica.com\/galerien\/x-area\/\" \/>\n<meta property=\"og:locale\" content=\"fr_FR\" \/>\n<meta property=\"og:type\" content=\"article\" \/>\n<meta property=\"og:title\" content=\"Zone X | Finca Erotica | Maison close Allemagne\" \/>\n<meta property=\"og:url\" content=\"https:\/\/www.finca-erotica.com\/galerien\/x-area\/\" \/>\n<meta property=\"og:site_name\" content=\"Finca Erotica\" \/>\n<meta property=\"article:modified_time\" content=\"2016-07-18T12:50:32+00:00\" \/>\n<meta property=\"og:image\" content=\"https:\/\/www.finca-erotica.com\/wp-content\/uploads\/2015\/09\/fkk-finca-erotica_menu_btn_xarea.jpg\" \/>\n\t<meta property=\"og:image:width\" content=\"565\" \/>\n\t<meta property=\"og:image:height\" content=\"286\" \/>\n\t<meta property=\"og:image:type\" content=\"image\/jpeg\" \/>\n<meta name=\"twitter:card\" content=\"summary_large_image\" \/>\n<meta name=\"twitter:label1\" content=\"Dur\u00e9e de lecture estim\u00e9e\" \/>\n\t<meta name=\"twitter:data1\" content=\"1 minute\" \/>\n<script type=\"application\/ld+json\" class=\"yoast-schema-graph\">{\"@context\":\"https:\/\/schema.org\",\"@graph\":[{\"@type\":\"WebPage\",\"@id\":\"https:\/\/www.finca-erotica.com\/galerien\/x-area\/\",\"url\":\"https:\/\/www.finca-erotica.com\/galerien\/x-area\/\",\"name\":\"Zone X | Finca Erotica | Maison close Allemagne\",\"isPartOf\":{\"@id\":\"https:\/\/www.finca-erotica.com\/#website\"},\"primaryImageOfPage\":{\"@id\":\"https:\/\/www.finca-erotica.com\/galerien\/x-area\/#primaryimage\"},\"image\":{\"@id\":\"https:\/\/www.finca-erotica.com\/galerien\/x-area\/#primaryimage\"},\"thumbnailUrl\":\"https:\/\/www.finca-erotica.com\/wp-content\/uploads\/2015\/09\/fkk-finca-erotica_menu_btn_xarea.jpg\",\"datePublished\":\"2015-09-04T09:49:26+00:00\",\"dateModified\":\"2016-07-18T12:50:32+00:00\",\"breadcrumb\":{\"@id\":\"https:\/\/www.finca-erotica.com\/galerien\/x-area\/#breadcrumb\"},\"inLanguage\":\"fr-FR\",\"potentialAction\":[{\"@type\":\"ReadAction\",\"target\":[\"https:\/\/www.finca-erotica.com\/galerien\/x-area\/\"]}]},{\"@type\":\"ImageObject\",\"inLanguage\":\"fr-FR\",\"@id\":\"https:\/\/www.finca-erotica.com\/galerien\/x-area\/#primaryimage\",\"url\":\"https:\/\/www.finca-erotica.com\/wp-content\/uploads\/2015\/09\/fkk-finca-erotica_menu_btn_xarea.jpg\",\"contentUrl\":\"https:\/\/www.finca-erotica.com\/wp-content\/uploads\/2015\/09\/fkk-finca-erotica_menu_btn_xarea.jpg\",\"width\":\"565\",\"height\":\"286\"},{\"@type\":\"BreadcrumbList\",\"@id\":\"https:\/\/www.finca-erotica.com\/galerien\/x-area\/#breadcrumb\",\"itemListElement\":[{\"@type\":\"ListItem\",\"position\":1,\"name\":\"Home\",\"item\":\"https:\/\/www.finca-erotica.com\/fr\/\"},{\"@type\":\"ListItem\",\"position\":2,\"name\":\"Galeries\",\"item\":\"https:\/\/www.finca-erotica.com\/fr\/galeries\/\"},{\"@type\":\"ListItem\",\"position\":3,\"name\":\"Zone X\"}]},{\"@type\":\"WebSite\",\"@id\":\"https:\/\/www.finca-erotica.com\/#website\",\"url\":\"https:\/\/www.finca-erotica.com\/\",\"name\":\"Finca Erotica\",\"description\":\"Eine weitere WordPress-Seite\",\"potentialAction\":[{\"@type\":\"SearchAction\",\"target\":{\"@type\":\"EntryPoint\",\"urlTemplate\":\"https:\/\/www.finca-erotica.com\/?s={search_term_string}\"},\"query-input\":{\"@type\":\"PropertyValueSpecification\",\"valueRequired\":true,\"valueName\":\"search_term_string\"}}],\"inLanguage\":\"fr-FR\"}]}<\/script>\n<!-- \/ Yoast SEO plugin. -->","yoast_head_json":{"title":"Zone X | Finca Erotica | Maison close Allemagne","robots":{"index":"index","follow":"follow","max-snippet":"max-snippet:-1","max-image-preview":"max-image-preview:large","max-video-preview":"max-video-preview:-1"},"canonical":"https:\/\/www.finca-erotica.com\/galerien\/x-area\/","og_locale":"fr_FR","og_type":"article","og_title":"Zone X | Finca Erotica | Maison close Allemagne","og_url":"https:\/\/www.finca-erotica.com\/galerien\/x-area\/","og_site_name":"Finca Erotica","article_modified_time":"2016-07-18T12:50:32+00:00","og_image":[{"width":565,"height":286,"url":"https:\/\/www.finca-erotica.com\/wp-content\/uploads\/2015\/09\/fkk-finca-erotica_menu_btn_xarea.jpg","type":"image\/jpeg"}],"twitter_card":"summary_large_image","twitter_misc":{"Dur\u00e9e de lecture estim\u00e9e":"1 minute"},"schema":{"@context":"https:\/\/schema.org","@graph":[{"@type":"WebPage","@id":"https:\/\/www.finca-erotica.com\/galerien\/x-area\/","url":"https:\/\/www.finca-erotica.com\/galerien\/x-area\/","name":"Zone X | Finca Erotica | Maison close Allemagne","isPartOf":{"@id":"https:\/\/www.finca-erotica.com\/#website"},"primaryImageOfPage":{"@id":"https:\/\/www.finca-erotica.com\/galerien\/x-area\/#primaryimage"},"image":{"@id":"https:\/\/www.finca-erotica.com\/galerien\/x-area\/#primaryimage"},"thumbnailUrl":"https:\/\/www.finca-erotica.com\/wp-content\/uploads\/2015\/09\/fkk-finca-erotica_menu_btn_xarea.jpg","datePublished":"2015-09-04T09:49:26+00:00","dateModified":"2016-07-18T12:50:32+00:00","breadcrumb":{"@id":"https:\/\/www.finca-erotica.com\/galerien\/x-area\/#breadcrumb"},"inLanguage":"fr-FR","potentialAction":[{"@type":"ReadAction","target":["https:\/\/www.finca-erotica.com\/galerien\/x-area\/"]}]},{"@type":"ImageObject","inLanguage":"fr-FR","@id":"https:\/\/www.finca-erotica.com\/galerien\/x-area\/#primaryimage","url":"https:\/\/www.finca-erotica.com\/wp-content\/uploads\/2015\/09\/fkk-finca-erotica_menu_btn_xarea.jpg","contentUrl":"https:\/\/www.finca-erotica.com\/wp-content\/uploads\/2015\/09\/fkk-finca-erotica_menu_btn_xarea.jpg","width":"565","height":"286"},{"@type":"BreadcrumbList","@id":"https:\/\/www.finca-erotica.com\/galerien\/x-area\/#breadcrumb","itemListElement":[{"@type":"ListItem","position":1,"name":"Home","item":"https:\/\/www.finca-erotica.com\/fr\/"},{"@type":"ListItem","position":2,"name":"Galeries","item":"https:\/\/www.finca-erotica.com\/fr\/galeries\/"},{"@type":"ListItem","position":3,"name":"Zone X"}]},{"@type":"WebSite","@id":"https:\/\/www.finca-erotica.com\/#website","url":"https:\/\/www.finca-erotica.com\/","name":"Finca Erotica","description":"Eine weitere WordPress-Seite","potentialAction":[{"@type":"SearchAction","target":{"@type":"EntryPoint","urlTemplate":"https:\/\/www.finca-erotica.com\/?s={search_term_string}"},"query-input":{"@type":"PropertyValueSpecification","valueRequired":true,"valueName":"search_term_string"}}],"inLanguage":"fr-FR"}]}},"_links":{"self":[{"href":"https:\/\/www.finca-erotica.com\/fr\/wp-json\/wp\/v2\/pages\/469","targetHints":{"allow":["GET"]}}],"collection":[{"href":"https:\/\/www.finca-erotica.com\/fr\/wp-json\/wp\/v2\/pages"}],"about":[{"href":"https:\/\/www.finca-erotica.com\/fr\/wp-json\/wp\/v2\/types\/page"}],"author":[{"embeddable":true,"href":"https:\/\/www.finca-erotica.com\/fr\/wp-json\/wp\/v2\/users\/1"}],"replies":[{"embeddable":true,"href":"https:\/\/www.finca-erotica.com\/fr\/wp-json\/wp\/v2\/comments?post=469"}],"version-history":[{"count":6,"href":"https:\/\/www.finca-erotica.com\/fr\/wp-json\/wp\/v2\/pages\/469\/revisions"}],"predecessor-version":[{"id":1563,"href":"https:\/\/www.finca-erotica.com\/fr\/wp-json\/wp\/v2\/pages\/469\/revisions\/1563"}],"up":[{"embeddable":true,"href":"https:\/\/www.finca-erotica.com\/fr\/wp-json\/wp\/v2\/pages\/547"}],"wp:featuredmedia":[{"embeddable":true,"href":"https:\/\/www.finca-erotica.com\/fr\/wp-json\/wp\/v2\/media\/7911"}],"wp:attachment":[{"href":"https:\/\/www.finca-erotica.com\/fr\/wp-json\/wp\/v2\/media?parent=469"}],"curies":[{"name":"wp","href":"https:\/\/api.w.org\/{rel}","templated":true}]}}