{"id":487,"date":"2015-09-04T13:12:22","date_gmt":"2015-09-04T11:12:22","guid":{"rendered":"http:\/\/www.finca-erotica.com\/?page_id=487&#038;lang=fr"},"modified":"2016-07-18T14:50:32","modified_gmt":"2016-07-18T12:50:32","slug":"ambiance","status":"publish","type":"page","link":"https:\/\/www.finca-erotica.com\/fr\/galeries\/ambiance\/","title":{"rendered":"Ambiance"},"content":{"rendered":"<h2>Aller au club<\/h2>\n<p>Le club naturiste Finca Erotica se trouve dans la ville pittoresque de Dierdorf (en Rh\u00e9nanie-Palatinat) pr\u00e8s des lands Rh\u00e9nanie du Nord Westphalie et Hesse. La proximit\u00e9 directe des villes telles que Francfort, Cologne, Coblence, Siegen ou encore Wetzlar a fait du club naturiste une destination pris\u00e9e pour les avides de d\u00e9tente. C&rsquo;est sur un terrain ext\u00e9rieur de 2000 m\u00b2 et une zone de bien \u00eatre de 1000 m\u00b2 am\u00e9nag\u00e9e avec go\u00fbt, que nos belles dames t\u2019attendent pour vous faire vivre une aventure m\u00e9morable.<\/p>\n<p>Le Finca Erotica, qui est une nouvelle r\u00e9f\u00e9rence, se distingue de tous les autres clubs sauna traditionnels. Avec de super offres et des f\u00eates \u00e9v\u00e8nementielles en permanence, notre club naturiste offre de nombreux divertissements outre son programme d\u00e9j\u00e0 convaincant.<\/p>\n","protected":false},"excerpt":{"rendered":"<p>Aller au club Le club naturiste Finca Erotica se trouve dans la ville pittoresque de Dierdorf (en Rh\u00e9nanie-Palatinat) pr\u00e8s des lands Rh\u00e9nanie du Nord Westphalie et Hesse. La proximit\u00e9 directe des villes telles que Francfort, Cologne, Coblence, Siegen ou encore Wetzlar a fait du club naturiste une destination pris\u00e9e pour les avides de d\u00e9tente. C&rsquo;est [&hellip;]<\/p>\n","protected":false},"author":1,"featured_media":7899,"parent":547,"menu_order":0,"comment_status":"open","ping_status":"open","template":"templates\/page-galerien.php","meta":{"footnotes":""},"class_list":["post-487","page","type-page","status-publish","has-post-thumbnail","hentry"],"yoast_head":"<!-- This site is optimized with the Yoast SEO plugin v25.6 - https:\/\/yoast.com\/wordpress\/plugins\/seo\/ -->\n<title>Ambiance | Finca Erotica | Maison close Allemagne<\/title>\n<meta name=\"robots\" content=\"index, follow, max-snippet:-1, max-image-preview:large, max-video-preview:-1\" \/>\n<link rel=\"canonical\" href=\"https:\/\/www.finca-erotica.com\/galerien\/ambiente\/\" \/>\n<meta property=\"og:locale\" content=\"fr_FR\" \/>\n<meta property=\"og:type\" content=\"article\" \/>\n<meta property=\"og:title\" content=\"Ambiance | Finca Erotica | Maison close Allemagne\" \/>\n<meta property=\"og:description\" content=\"Aller au club Le club naturiste Finca Erotica se trouve dans la ville pittoresque de Dierdorf (en Rh\u00e9nanie-Palatinat) pr\u00e8s des lands Rh\u00e9nanie du Nord Westphalie et Hesse. La proximit\u00e9 directe des villes telles que Francfort, Cologne, Coblence, Siegen ou encore Wetzlar a fait du club naturiste une destination pris\u00e9e pour les avides de d\u00e9tente. C&rsquo;est [&hellip;]\" \/>\n<meta property=\"og:url\" content=\"https:\/\/www.finca-erotica.com\/galerien\/ambiente\/\" \/>\n<meta property=\"og:site_name\" content=\"Finca Erotica\" \/>\n<meta property=\"article:modified_time\" content=\"2016-07-18T12:50:32+00:00\" \/>\n<meta property=\"og:image\" content=\"https:\/\/www.finca-erotica.com\/wp-content\/uploads\/2015\/09\/fkk-finca-erotica_menu_btn_ambiente.jpg\" \/>\n\t<meta property=\"og:image:width\" content=\"565\" \/>\n\t<meta property=\"og:image:height\" content=\"286\" \/>\n\t<meta property=\"og:image:type\" content=\"image\/jpeg\" \/>\n<meta name=\"twitter:card\" content=\"summary_large_image\" \/>\n<meta name=\"twitter:label1\" content=\"Dur\u00e9e de lecture estim\u00e9e\" \/>\n\t<meta name=\"twitter:data1\" content=\"1 minute\" \/>\n<script type=\"application\/ld+json\" class=\"yoast-schema-graph\">{\"@context\":\"https:\/\/schema.org\",\"@graph\":[{\"@type\":\"WebPage\",\"@id\":\"https:\/\/www.finca-erotica.com\/galerien\/ambiente\/\",\"url\":\"https:\/\/www.finca-erotica.com\/galerien\/ambiente\/\",\"name\":\"Ambiance | Finca Erotica | Maison close Allemagne\",\"isPartOf\":{\"@id\":\"https:\/\/www.finca-erotica.com\/#website\"},\"primaryImageOfPage\":{\"@id\":\"https:\/\/www.finca-erotica.com\/galerien\/ambiente\/#primaryimage\"},\"image\":{\"@id\":\"https:\/\/www.finca-erotica.com\/galerien\/ambiente\/#primaryimage\"},\"thumbnailUrl\":\"https:\/\/www.finca-erotica.com\/wp-content\/uploads\/2015\/09\/fkk-finca-erotica_menu_btn_ambiente.jpg\",\"datePublished\":\"2015-09-04T11:12:22+00:00\",\"dateModified\":\"2016-07-18T12:50:32+00:00\",\"breadcrumb\":{\"@id\":\"https:\/\/www.finca-erotica.com\/galerien\/ambiente\/#breadcrumb\"},\"inLanguage\":\"fr-FR\",\"potentialAction\":[{\"@type\":\"ReadAction\",\"target\":[\"https:\/\/www.finca-erotica.com\/galerien\/ambiente\/\"]}]},{\"@type\":\"ImageObject\",\"inLanguage\":\"fr-FR\",\"@id\":\"https:\/\/www.finca-erotica.com\/galerien\/ambiente\/#primaryimage\",\"url\":\"https:\/\/www.finca-erotica.com\/wp-content\/uploads\/2015\/09\/fkk-finca-erotica_menu_btn_ambiente.jpg\",\"contentUrl\":\"https:\/\/www.finca-erotica.com\/wp-content\/uploads\/2015\/09\/fkk-finca-erotica_menu_btn_ambiente.jpg\",\"width\":\"565\",\"height\":\"286\"},{\"@type\":\"BreadcrumbList\",\"@id\":\"https:\/\/www.finca-erotica.com\/galerien\/ambiente\/#breadcrumb\",\"itemListElement\":[{\"@type\":\"ListItem\",\"position\":1,\"name\":\"Home\",\"item\":\"https:\/\/www.finca-erotica.com\/fr\/\"},{\"@type\":\"ListItem\",\"position\":2,\"name\":\"Galeries\",\"item\":\"https:\/\/www.finca-erotica.com\/fr\/galeries\/\"},{\"@type\":\"ListItem\",\"position\":3,\"name\":\"Ambiance\"}]},{\"@type\":\"WebSite\",\"@id\":\"https:\/\/www.finca-erotica.com\/#website\",\"url\":\"https:\/\/www.finca-erotica.com\/\",\"name\":\"Finca Erotica\",\"description\":\"Eine weitere WordPress-Seite\",\"potentialAction\":[{\"@type\":\"SearchAction\",\"target\":{\"@type\":\"EntryPoint\",\"urlTemplate\":\"https:\/\/www.finca-erotica.com\/?s={search_term_string}\"},\"query-input\":{\"@type\":\"PropertyValueSpecification\",\"valueRequired\":true,\"valueName\":\"search_term_string\"}}],\"inLanguage\":\"fr-FR\"}]}<\/script>\n<!-- \/ Yoast SEO plugin. -->","yoast_head_json":{"title":"Ambiance | Finca Erotica | Maison close Allemagne","robots":{"index":"index","follow":"follow","max-snippet":"max-snippet:-1","max-image-preview":"max-image-preview:large","max-video-preview":"max-video-preview:-1"},"canonical":"https:\/\/www.finca-erotica.com\/galerien\/ambiente\/","og_locale":"fr_FR","og_type":"article","og_title":"Ambiance | Finca Erotica | Maison close Allemagne","og_description":"Aller au club Le club naturiste Finca Erotica se trouve dans la ville pittoresque de Dierdorf (en Rh\u00e9nanie-Palatinat) pr\u00e8s des lands Rh\u00e9nanie du Nord Westphalie et Hesse. La proximit\u00e9 directe des villes telles que Francfort, Cologne, Coblence, Siegen ou encore Wetzlar a fait du club naturiste une destination pris\u00e9e pour les avides de d\u00e9tente. C&rsquo;est [&hellip;]","og_url":"https:\/\/www.finca-erotica.com\/galerien\/ambiente\/","og_site_name":"Finca Erotica","article_modified_time":"2016-07-18T12:50:32+00:00","og_image":[{"width":565,"height":286,"url":"https:\/\/www.finca-erotica.com\/wp-content\/uploads\/2015\/09\/fkk-finca-erotica_menu_btn_ambiente.jpg","type":"image\/jpeg"}],"twitter_card":"summary_large_image","twitter_misc":{"Dur\u00e9e de lecture estim\u00e9e":"1 minute"},"schema":{"@context":"https:\/\/schema.org","@graph":[{"@type":"WebPage","@id":"https:\/\/www.finca-erotica.com\/galerien\/ambiente\/","url":"https:\/\/www.finca-erotica.com\/galerien\/ambiente\/","name":"Ambiance | Finca Erotica | Maison close Allemagne","isPartOf":{"@id":"https:\/\/www.finca-erotica.com\/#website"},"primaryImageOfPage":{"@id":"https:\/\/www.finca-erotica.com\/galerien\/ambiente\/#primaryimage"},"image":{"@id":"https:\/\/www.finca-erotica.com\/galerien\/ambiente\/#primaryimage"},"thumbnailUrl":"https:\/\/www.finca-erotica.com\/wp-content\/uploads\/2015\/09\/fkk-finca-erotica_menu_btn_ambiente.jpg","datePublished":"2015-09-04T11:12:22+00:00","dateModified":"2016-07-18T12:50:32+00:00","breadcrumb":{"@id":"https:\/\/www.finca-erotica.com\/galerien\/ambiente\/#breadcrumb"},"inLanguage":"fr-FR","potentialAction":[{"@type":"ReadAction","target":["https:\/\/www.finca-erotica.com\/galerien\/ambiente\/"]}]},{"@type":"ImageObject","inLanguage":"fr-FR","@id":"https:\/\/www.finca-erotica.com\/galerien\/ambiente\/#primaryimage","url":"https:\/\/www.finca-erotica.com\/wp-content\/uploads\/2015\/09\/fkk-finca-erotica_menu_btn_ambiente.jpg","contentUrl":"https:\/\/www.finca-erotica.com\/wp-content\/uploads\/2015\/09\/fkk-finca-erotica_menu_btn_ambiente.jpg","width":"565","height":"286"},{"@type":"BreadcrumbList","@id":"https:\/\/www.finca-erotica.com\/galerien\/ambiente\/#breadcrumb","itemListElement":[{"@type":"ListItem","position":1,"name":"Home","item":"https:\/\/www.finca-erotica.com\/fr\/"},{"@type":"ListItem","position":2,"name":"Galeries","item":"https:\/\/www.finca-erotica.com\/fr\/galeries\/"},{"@type":"ListItem","position":3,"name":"Ambiance"}]},{"@type":"WebSite","@id":"https:\/\/www.finca-erotica.com\/#website","url":"https:\/\/www.finca-erotica.com\/","name":"Finca Erotica","description":"Eine weitere WordPress-Seite","potentialAction":[{"@type":"SearchAction","target":{"@type":"EntryPoint","urlTemplate":"https:\/\/www.finca-erotica.com\/?s={search_term_string}"},"query-input":{"@type":"PropertyValueSpecification","valueRequired":true,"valueName":"search_term_string"}}],"inLanguage":"fr-FR"}]}},"_links":{"self":[{"href":"https:\/\/www.finca-erotica.com\/fr\/wp-json\/wp\/v2\/pages\/487","targetHints":{"allow":["GET"]}}],"collection":[{"href":"https:\/\/www.finca-erotica.com\/fr\/wp-json\/wp\/v2\/pages"}],"about":[{"href":"https:\/\/www.finca-erotica.com\/fr\/wp-json\/wp\/v2\/types\/page"}],"author":[{"embeddable":true,"href":"https:\/\/www.finca-erotica.com\/fr\/wp-json\/wp\/v2\/users\/1"}],"replies":[{"embeddable":true,"href":"https:\/\/www.finca-erotica.com\/fr\/wp-json\/wp\/v2\/comments?post=487"}],"version-history":[{"count":4,"href":"https:\/\/www.finca-erotica.com\/fr\/wp-json\/wp\/v2\/pages\/487\/revisions"}],"predecessor-version":[{"id":1340,"href":"https:\/\/www.finca-erotica.com\/fr\/wp-json\/wp\/v2\/pages\/487\/revisions\/1340"}],"up":[{"embeddable":true,"href":"https:\/\/www.finca-erotica.com\/fr\/wp-json\/wp\/v2\/pages\/547"}],"wp:featuredmedia":[{"embeddable":true,"href":"https:\/\/www.finca-erotica.com\/fr\/wp-json\/wp\/v2\/media\/7899"}],"wp:attachment":[{"href":"https:\/\/www.finca-erotica.com\/fr\/wp-json\/wp\/v2\/media?parent=487"}],"curies":[{"name":"wp","href":"https:\/\/api.w.org\/{rel}","templated":true}]}}