{"id":507,"date":"2015-09-04T15:58:50","date_gmt":"2015-09-04T13:58:50","guid":{"rendered":"http:\/\/www.finca-erotica.com\/?page_id=507&#038;lang=fr"},"modified":"2016-07-18T14:50:31","modified_gmt":"2016-07-18T12:50:31","slug":"clubtour","status":"publish","type":"page","link":"https:\/\/www.finca-erotica.com\/fr\/galeries\/clubtour\/","title":{"rendered":"Clubtour"},"content":{"rendered":"<div class=\"pano-wrap\"><iframe style=\"position: absolute; top: 0; width: 100%; height: 100%; border: 0\" src=\"https:\/\/www.finca-erotica.com\/wp-content\/themes\/finca-erotica\/panotour\/\"><\/iframe><\/div>\n<div class=\"row\">\n<div class=\"columns small-12 medium-6\">\n<h3>Clubtour<\/h3>\n<p>La visite du club naturiste Finca Erotica t&rsquo;int\u00e9resse et tu souhaiterais te faire une id\u00e9e pr\u00e9cise au pr\u00e9alable de nos locaux styl\u00e9s ?<\/p>\n<p>Nous t&rsquo;aidons \u00e0 te procurer le meilleur aper\u00e7u possible d&rsquo;une mani\u00e8re moderne en t&rsquo;offrant une ballade virtuelle \u00e0 travers nos espaces int\u00e9rieurs et ext\u00e9rieurs. Il te suffit de s\u00e9lectionner un panorama du club et d&rsquo;en profiter ! <\/p>\n<p>Astuce : Utilise la fonction plein \u00e9cran pour profiter pleinement des images !\n<\/p><\/div>\n<div class=\"columns small-12 medium-6\">\n<h3>Astuces d&rsquo;utilisation:<\/h3>\n<p>Tu peux activer la fonction plein \u00e9cran via le bouton &#8211; Menu &#8211; qui se trouve en haut, au milieu et en s\u00e9lectionnant l&rsquo;ic\u00f4ne droite de la barre du menu.<\/p>\n<p>Apr\u00e8s avoir ouvert le panorama du club, tu peux s\u00e9lectionner l&rsquo;endroit souhait\u00e9 en haut \u00e0 droite dans un menu d\u00e9roulant et te procurer un aper\u00e7u \u00e0 360 degr\u00e9s des diff\u00e9rentes salles du club sauna. Que tu veuilles profiter de la piscine, de l&rsquo;espace wellness, du club naturiste la nuit ou d&rsquo;autres vues, cela ne tient vraiment qu&rsquo;\u00e0 toi.<\/p>\n<p>Ou alors tu te laisses guider et profites du diaporama automatique qui se chargera de te pr\u00e9senter notre club naturiste. En cliquant sur les couronnes sur la photo \u00e0 360 degr\u00e9s, tu peux aussi passer de points de vue en points de vue et ainsi naviguer \u00e0 travers le club sauna.<\/p>\n<p>Nous te souhaitons bien du plaisir dans la d\u00e9couverte du Finca Erotica !\n<\/p><\/div>\n<\/div>\n","protected":false},"excerpt":{"rendered":"","protected":false},"author":1,"featured_media":7903,"parent":547,"menu_order":0,"comment_status":"open","ping_status":"open","template":"","meta":{"footnotes":""},"class_list":["post-507","page","type-page","status-publish","has-post-thumbnail","hentry"],"yoast_head":"<!-- This site is optimized with the Yoast SEO plugin v25.6 - https:\/\/yoast.com\/wordpress\/plugins\/seo\/ -->\n<title>Club tour | Finca Erotica | Maison close Allemagne<\/title>\n<meta name=\"robots\" content=\"index, follow, max-snippet:-1, max-image-preview:large, max-video-preview:-1\" \/>\n<link rel=\"canonical\" href=\"https:\/\/www.finca-erotica.com\/galerien\/club-rundgang\/\" \/>\n<meta property=\"og:locale\" content=\"fr_FR\" \/>\n<meta property=\"og:type\" content=\"article\" \/>\n<meta property=\"og:title\" content=\"Club tour | Finca Erotica | Maison close Allemagne\" \/>\n<meta property=\"og:url\" content=\"https:\/\/www.finca-erotica.com\/galerien\/club-rundgang\/\" \/>\n<meta property=\"og:site_name\" content=\"Finca Erotica\" \/>\n<meta property=\"article:modified_time\" content=\"2016-07-18T12:50:31+00:00\" \/>\n<meta property=\"og:image\" content=\"https:\/\/www.finca-erotica.com\/wp-content\/uploads\/2015\/09\/fkk-finca-erotica_menu_btn_clubtour.jpg\" \/>\n\t<meta property=\"og:image:width\" content=\"565\" \/>\n\t<meta property=\"og:image:height\" content=\"286\" \/>\n\t<meta property=\"og:image:type\" content=\"image\/jpeg\" \/>\n<meta name=\"twitter:card\" content=\"summary_large_image\" \/>\n<meta name=\"twitter:label1\" content=\"Dur\u00e9e de lecture estim\u00e9e\" \/>\n\t<meta name=\"twitter:data1\" content=\"1 minute\" \/>\n<script type=\"application\/ld+json\" class=\"yoast-schema-graph\">{\"@context\":\"https:\/\/schema.org\",\"@graph\":[{\"@type\":\"WebPage\",\"@id\":\"https:\/\/www.finca-erotica.com\/galerien\/club-rundgang\/\",\"url\":\"https:\/\/www.finca-erotica.com\/galerien\/club-rundgang\/\",\"name\":\"Club tour | Finca Erotica | Maison close Allemagne\",\"isPartOf\":{\"@id\":\"https:\/\/www.finca-erotica.com\/#website\"},\"primaryImageOfPage\":{\"@id\":\"https:\/\/www.finca-erotica.com\/galerien\/club-rundgang\/#primaryimage\"},\"image\":{\"@id\":\"https:\/\/www.finca-erotica.com\/galerien\/club-rundgang\/#primaryimage\"},\"thumbnailUrl\":\"https:\/\/www.finca-erotica.com\/wp-content\/uploads\/2015\/09\/fkk-finca-erotica_menu_btn_clubtour.jpg\",\"datePublished\":\"2015-09-04T13:58:50+00:00\",\"dateModified\":\"2016-07-18T12:50:31+00:00\",\"breadcrumb\":{\"@id\":\"https:\/\/www.finca-erotica.com\/galerien\/club-rundgang\/#breadcrumb\"},\"inLanguage\":\"fr-FR\",\"potentialAction\":[{\"@type\":\"ReadAction\",\"target\":[\"https:\/\/www.finca-erotica.com\/galerien\/club-rundgang\/\"]}]},{\"@type\":\"ImageObject\",\"inLanguage\":\"fr-FR\",\"@id\":\"https:\/\/www.finca-erotica.com\/galerien\/club-rundgang\/#primaryimage\",\"url\":\"https:\/\/www.finca-erotica.com\/wp-content\/uploads\/2015\/09\/fkk-finca-erotica_menu_btn_clubtour.jpg\",\"contentUrl\":\"https:\/\/www.finca-erotica.com\/wp-content\/uploads\/2015\/09\/fkk-finca-erotica_menu_btn_clubtour.jpg\",\"width\":\"565\",\"height\":\"286\"},{\"@type\":\"BreadcrumbList\",\"@id\":\"https:\/\/www.finca-erotica.com\/galerien\/club-rundgang\/#breadcrumb\",\"itemListElement\":[{\"@type\":\"ListItem\",\"position\":1,\"name\":\"Home\",\"item\":\"https:\/\/www.finca-erotica.com\/fr\/\"},{\"@type\":\"ListItem\",\"position\":2,\"name\":\"Galeries\",\"item\":\"https:\/\/www.finca-erotica.com\/fr\/galeries\/\"},{\"@type\":\"ListItem\",\"position\":3,\"name\":\"Clubtour\"}]},{\"@type\":\"WebSite\",\"@id\":\"https:\/\/www.finca-erotica.com\/#website\",\"url\":\"https:\/\/www.finca-erotica.com\/\",\"name\":\"Finca Erotica\",\"description\":\"Eine weitere WordPress-Seite\",\"potentialAction\":[{\"@type\":\"SearchAction\",\"target\":{\"@type\":\"EntryPoint\",\"urlTemplate\":\"https:\/\/www.finca-erotica.com\/?s={search_term_string}\"},\"query-input\":{\"@type\":\"PropertyValueSpecification\",\"valueRequired\":true,\"valueName\":\"search_term_string\"}}],\"inLanguage\":\"fr-FR\"}]}<\/script>\n<!-- \/ Yoast SEO plugin. -->","yoast_head_json":{"title":"Club tour | Finca Erotica | Maison close Allemagne","robots":{"index":"index","follow":"follow","max-snippet":"max-snippet:-1","max-image-preview":"max-image-preview:large","max-video-preview":"max-video-preview:-1"},"canonical":"https:\/\/www.finca-erotica.com\/galerien\/club-rundgang\/","og_locale":"fr_FR","og_type":"article","og_title":"Club tour | Finca Erotica | Maison close Allemagne","og_url":"https:\/\/www.finca-erotica.com\/galerien\/club-rundgang\/","og_site_name":"Finca Erotica","article_modified_time":"2016-07-18T12:50:31+00:00","og_image":[{"width":565,"height":286,"url":"https:\/\/www.finca-erotica.com\/wp-content\/uploads\/2015\/09\/fkk-finca-erotica_menu_btn_clubtour.jpg","type":"image\/jpeg"}],"twitter_card":"summary_large_image","twitter_misc":{"Dur\u00e9e de lecture estim\u00e9e":"1 minute"},"schema":{"@context":"https:\/\/schema.org","@graph":[{"@type":"WebPage","@id":"https:\/\/www.finca-erotica.com\/galerien\/club-rundgang\/","url":"https:\/\/www.finca-erotica.com\/galerien\/club-rundgang\/","name":"Club tour | Finca Erotica | Maison close Allemagne","isPartOf":{"@id":"https:\/\/www.finca-erotica.com\/#website"},"primaryImageOfPage":{"@id":"https:\/\/www.finca-erotica.com\/galerien\/club-rundgang\/#primaryimage"},"image":{"@id":"https:\/\/www.finca-erotica.com\/galerien\/club-rundgang\/#primaryimage"},"thumbnailUrl":"https:\/\/www.finca-erotica.com\/wp-content\/uploads\/2015\/09\/fkk-finca-erotica_menu_btn_clubtour.jpg","datePublished":"2015-09-04T13:58:50+00:00","dateModified":"2016-07-18T12:50:31+00:00","breadcrumb":{"@id":"https:\/\/www.finca-erotica.com\/galerien\/club-rundgang\/#breadcrumb"},"inLanguage":"fr-FR","potentialAction":[{"@type":"ReadAction","target":["https:\/\/www.finca-erotica.com\/galerien\/club-rundgang\/"]}]},{"@type":"ImageObject","inLanguage":"fr-FR","@id":"https:\/\/www.finca-erotica.com\/galerien\/club-rundgang\/#primaryimage","url":"https:\/\/www.finca-erotica.com\/wp-content\/uploads\/2015\/09\/fkk-finca-erotica_menu_btn_clubtour.jpg","contentUrl":"https:\/\/www.finca-erotica.com\/wp-content\/uploads\/2015\/09\/fkk-finca-erotica_menu_btn_clubtour.jpg","width":"565","height":"286"},{"@type":"BreadcrumbList","@id":"https:\/\/www.finca-erotica.com\/galerien\/club-rundgang\/#breadcrumb","itemListElement":[{"@type":"ListItem","position":1,"name":"Home","item":"https:\/\/www.finca-erotica.com\/fr\/"},{"@type":"ListItem","position":2,"name":"Galeries","item":"https:\/\/www.finca-erotica.com\/fr\/galeries\/"},{"@type":"ListItem","position":3,"name":"Clubtour"}]},{"@type":"WebSite","@id":"https:\/\/www.finca-erotica.com\/#website","url":"https:\/\/www.finca-erotica.com\/","name":"Finca Erotica","description":"Eine weitere WordPress-Seite","potentialAction":[{"@type":"SearchAction","target":{"@type":"EntryPoint","urlTemplate":"https:\/\/www.finca-erotica.com\/?s={search_term_string}"},"query-input":{"@type":"PropertyValueSpecification","valueRequired":true,"valueName":"search_term_string"}}],"inLanguage":"fr-FR"}]}},"_links":{"self":[{"href":"https:\/\/www.finca-erotica.com\/fr\/wp-json\/wp\/v2\/pages\/507","targetHints":{"allow":["GET"]}}],"collection":[{"href":"https:\/\/www.finca-erotica.com\/fr\/wp-json\/wp\/v2\/pages"}],"about":[{"href":"https:\/\/www.finca-erotica.com\/fr\/wp-json\/wp\/v2\/types\/page"}],"author":[{"embeddable":true,"href":"https:\/\/www.finca-erotica.com\/fr\/wp-json\/wp\/v2\/users\/1"}],"replies":[{"embeddable":true,"href":"https:\/\/www.finca-erotica.com\/fr\/wp-json\/wp\/v2\/comments?post=507"}],"version-history":[{"count":4,"href":"https:\/\/www.finca-erotica.com\/fr\/wp-json\/wp\/v2\/pages\/507\/revisions"}],"predecessor-version":[{"id":1288,"href":"https:\/\/www.finca-erotica.com\/fr\/wp-json\/wp\/v2\/pages\/507\/revisions\/1288"}],"up":[{"embeddable":true,"href":"https:\/\/www.finca-erotica.com\/fr\/wp-json\/wp\/v2\/pages\/547"}],"wp:featuredmedia":[{"embeddable":true,"href":"https:\/\/www.finca-erotica.com\/fr\/wp-json\/wp\/v2\/media\/7903"}],"wp:attachment":[{"href":"https:\/\/www.finca-erotica.com\/fr\/wp-json\/wp\/v2\/media?parent=507"}],"curies":[{"name":"wp","href":"https:\/\/api.w.org\/{rel}","templated":true}]}}