{"id":681,"date":"2015-09-08T13:40:42","date_gmt":"2015-09-08T11:40:42","guid":{"rendered":"http:\/\/www.finca-erotica.com\/?page_id=681&#038;lang=fr"},"modified":"2016-07-18T14:50:26","modified_gmt":"2016-07-18T12:50:26","slug":"mentions-legales","status":"publish","type":"page","link":"https:\/\/www.finca-erotica.com\/fr\/contact\/mentions-legales\/","title":{"rendered":"Mentions l\u00e9gales"},"content":{"rendered":"<p>Sauna World GmbH<br \/>\nS. Moos<br \/>\nN\u00b0 TVA intracommunautaire: DE166838803<br \/>\nIndustriestra\u00dfe 20<br \/>\nHeiligenroth<br \/>\nT\u00e9l.: 02689-9729450<br \/>\nT\u00e9l. portable: 0172- 52 36 ASK<\/p>\n<p>www.finca-erotica.com<\/p>\n<p>Clause de non-responsabilit\u00e9<\/p>\n<p>1. Contenu de l&rsquo;offre en ligne<br \/>\nL&rsquo;auteur d\u00e9cline toute responsabilit\u00e9 quant \u00e0 l&rsquo;actualit\u00e9, l&rsquo;exactitude, l&rsquo;int\u00e9gralit\u00e9 ou la qualit\u00e9 des informations mises \u00e0 disposition. Des droits de responsabilit\u00e9 contre l&rsquo;auteur, en lien avec des dommages de type mat\u00e9riel ou conceptuels, dus \u00e0 l&rsquo;usage ou au non-usage des informations pr\u00e9sent\u00e9es ou dus \u00e0 l&rsquo;usage d&rsquo;informations erron\u00e9es et non int\u00e9grales sont en principe exclus s&rsquo;il s&rsquo;est av\u00e9r\u00e9 qu&rsquo;il n&rsquo;y a pas de faute intentionnelle ou grave du c\u00f4t\u00e9 de l&rsquo;auteur. Toutes les offres sont sans engagement et non contractuelles. L&rsquo;auteur se r\u00e9serve express\u00e9ment le droit, de modifier, compl\u00e9ter, effacer des parties des pages ou l&rsquo;ensemble de l&rsquo;offre sans le communiquer s\u00e9par\u00e9ment ou de suspendre temporairement ou d\u00e9finitivement la publication.<\/p>\n<p>2. Renvois et liens<br \/>\nEn cas de renvois directs ou indirects \u00e0 des sites Internet \u00e9trangers (\u00ab liens \u00bb) qui ne rel\u00e8vent plus de la responsabilit\u00e9 de l&rsquo;auteur, un devoir de responsabilit\u00e9 entrerait en vigueur exclusivement si l&rsquo;auteur a prix connaissance des contenus et qu&rsquo;il lui est techniquement possible et acceptable d&#8217;emp\u00eacher l&rsquo;usage si des contenus sont ill\u00e9gaux. L&rsquo;auteur d\u00e9clare donc express\u00e9ment qu&rsquo;au moment de la mise en place du lien, les pages reli\u00e9es en question ne contenaient pas de textes ill\u00e9gaux. L&rsquo;auteur n&rsquo;a aucune influence ni sur l&rsquo;agencement actuel et futur ni sur les contenus des sites contenant des liens \/ reli\u00e9es. C&rsquo;est pourquoi il prend, par la pr\u00e9sente, express\u00e9ment ses distances par rapport \u00e0 tous les contenus de tous les sites contenant des liens \/ reli\u00e9es ayant \u00e9t\u00e9 modifi\u00e9s apr\u00e8s la mise en place des liens. Cette observation s&rsquo;applique pour tous les liens et renvois mis en place dans le cadre de la propre offre Internet ainsi que pour les inscriptions \u00e9trang\u00e8res dans les livres d&rsquo;h\u00f4tes, forums de discussions et listes de diffusion mises en place par l&rsquo;auteur. Le fournisseur du site, sur lequel il y a eu un renvoi, est l&rsquo;unique responsable &#8211; et non pas celui qui renvoie uniquement \u00e0 la publication respective par des liens &#8211; des contenus ill\u00e9gaux, erron\u00e9s ou non int\u00e9graux et en particulier des dommages r\u00e9sultant de l&rsquo;usage ou du non usage de telles informations pr\u00e9sent\u00e9es.<\/p>\n<p>3. Droit d&rsquo;auteur et de signe<br \/>\nL&rsquo;auteur s&rsquo;efforce de veiller aux droits d&rsquo;auteurs des graphiques, documents sonores, s\u00e9quences vid\u00e9os et textes utilis\u00e9s dans toutes les publications, d&rsquo;utiliser les graphiques, documents sonores, s\u00e9quences vid\u00e9os et textes qu&rsquo;il a \u00e9labor\u00e9s lui-m\u00eame ou d&rsquo;avoir recours \u00e0 des graphiques, documents sonores, s\u00e9quences vid\u00e9os et textes sans licence. L&rsquo;ensemble des logos et marques de fabrication mentionn\u00e9s dans le cadre de l&rsquo;offre Internet et le cas \u00e9ch\u00e9ant prot\u00e9g\u00e9s par des tiers sont soumis sans r\u00e9serve aux dispositions du droit de signe respectivement en vigueur et aux droits de possession des propri\u00e9taires respectivement enregistr\u00e9s. Rien qu&rsquo;en vertu de la simple mention, on ne peut pas conclure que les logos ne sont pas prot\u00e9g\u00e9s par des droits de tiers ! Le copyright d&rsquo;objets publi\u00e9s, cr\u00e9es par l&rsquo;auteur m\u00eame revient seul \u00e0 l&rsquo;auteur des sites. Une reproduction ou un usage de tels graphiques, documents sonores, s\u00e9quences vid\u00e9os et textes dans d&rsquo;autres publications \u00e9lectroniques ou imprim\u00e9es n&rsquo;est pas autoris\u00e9(e) sans le consentement expr\u00e8s de l&rsquo;auteur.<\/p>\n<p>4. Protection des donn\u00e9es<br \/>\nS&rsquo;il y a la possibilit\u00e9 d&rsquo;entrer des donn\u00e9es personnelles ou commerciales (adresses \u00e9lectroniques, noms, adresses) dans le cadre de l&rsquo;offre Internet, la publication de ces donn\u00e9es du c\u00f4t\u00e9 de l&rsquo;utilisateur s&rsquo;effectue express\u00e9ment de son plein gr\u00e9. L&rsquo;utilisation et le paiement de tous les services offerts \u2013 si possible du point de vue technique et si acceptable &#8211; est autoris\u00e9 m\u00eame ans indiquer de telles donn\u00e9es ou en indiquant des donn\u00e9es anonymes ou un pseudonyme.<\/p>\n<p>5. Validit\u00e9 juridique de cette clause de non-responsabilit\u00e9<br \/>\nCette clause de non responsabilit\u00e9 est \u00e0 consid\u00e9rer comme faisant partie de l&rsquo;offre Internet, de laquelle provient le renvoi \u00e0 cette page. Si des parties ou certaines formulations de ce texte ne devaient pas, plus, ou pas int\u00e9gralement correspondre \u00e0 la situation juridique en vigueur, les parties restantes du document demeurent intactes dans leur contenu et leur validit\u00e9.\t<\/p>\n","protected":false},"excerpt":{"rendered":"<p>Sauna World GmbH S. Moos N\u00b0 TVA intracommunautaire: DE166838803 Industriestra\u00dfe 20 Heiligenroth T\u00e9l.: 02689-9729450 T\u00e9l. portable: 0172- 52 36 ASK www.finca-erotica.com Clause de non-responsabilit\u00e9 1. Contenu de l&rsquo;offre en ligne L&rsquo;auteur d\u00e9cline toute responsabilit\u00e9 quant \u00e0 l&rsquo;actualit\u00e9, l&rsquo;exactitude, l&rsquo;int\u00e9gralit\u00e9 ou la qualit\u00e9 des informations mises \u00e0 disposition. Des droits de responsabilit\u00e9 contre l&rsquo;auteur, en lien [&hellip;]<\/p>\n","protected":false},"author":1,"featured_media":7819,"parent":541,"menu_order":0,"comment_status":"open","ping_status":"open","template":"","meta":{"footnotes":""},"class_list":["post-681","page","type-page","status-publish","has-post-thumbnail","hentry"],"yoast_head":"<!-- This site is optimized with the Yoast SEO plugin v25.6 - https:\/\/yoast.com\/wordpress\/plugins\/seo\/ -->\n<title>Mentions l\u00e9gales | Finca Erotica | FKK Germany<\/title>\n<meta name=\"robots\" content=\"noindex, nofollow\" \/>\n<meta property=\"og:locale\" content=\"fr_FR\" \/>\n<meta property=\"og:type\" content=\"article\" \/>\n<meta property=\"og:title\" content=\"Mentions l\u00e9gales | Finca Erotica | FKK Germany\" \/>\n<meta property=\"og:description\" content=\"Sauna World GmbH S. Moos N\u00b0 TVA intracommunautaire: DE166838803 Industriestra\u00dfe 20 Heiligenroth T\u00e9l.: 02689-9729450 T\u00e9l. portable: 0172- 52 36 ASK www.finca-erotica.com Clause de non-responsabilit\u00e9 1. Contenu de l&rsquo;offre en ligne L&rsquo;auteur d\u00e9cline toute responsabilit\u00e9 quant \u00e0 l&rsquo;actualit\u00e9, l&rsquo;exactitude, l&rsquo;int\u00e9gralit\u00e9 ou la qualit\u00e9 des informations mises \u00e0 disposition. Des droits de responsabilit\u00e9 contre l&rsquo;auteur, en lien [&hellip;]\" \/>\n<meta property=\"og:url\" content=\"https:\/\/www.finca-erotica.com\/fr\/contact\/mentions-legales\/\" \/>\n<meta property=\"og:site_name\" content=\"Finca Erotica\" \/>\n<meta property=\"article:modified_time\" content=\"2016-07-18T12:50:26+00:00\" \/>\n<meta property=\"og:image\" content=\"https:\/\/www.finca-erotica.com\/wp-content\/uploads\/2015\/09\/fkk-finca-erotica_menu_impressum.jpg\" \/>\n\t<meta property=\"og:image:width\" content=\"565\" \/>\n\t<meta property=\"og:image:height\" content=\"286\" \/>\n\t<meta property=\"og:image:type\" content=\"image\/jpeg\" \/>\n<meta name=\"twitter:card\" content=\"summary_large_image\" \/>\n<meta name=\"twitter:label1\" content=\"Dur\u00e9e de lecture estim\u00e9e\" \/>\n\t<meta name=\"twitter:data1\" content=\"4 minutes\" \/>\n<script type=\"application\/ld+json\" class=\"yoast-schema-graph\">{\"@context\":\"https:\/\/schema.org\",\"@graph\":[{\"@type\":\"WebPage\",\"@id\":\"https:\/\/www.finca-erotica.com\/fr\/contact\/mentions-legales\/\",\"url\":\"https:\/\/www.finca-erotica.com\/fr\/contact\/mentions-legales\/\",\"name\":\"Mentions l\u00e9gales | Finca Erotica | FKK Germany\",\"isPartOf\":{\"@id\":\"https:\/\/www.finca-erotica.com\/#website\"},\"primaryImageOfPage\":{\"@id\":\"https:\/\/www.finca-erotica.com\/fr\/contact\/mentions-legales\/#primaryimage\"},\"image\":{\"@id\":\"https:\/\/www.finca-erotica.com\/fr\/contact\/mentions-legales\/#primaryimage\"},\"thumbnailUrl\":\"https:\/\/www.finca-erotica.com\/wp-content\/uploads\/2015\/09\/fkk-finca-erotica_menu_impressum.jpg\",\"datePublished\":\"2015-09-08T11:40:42+00:00\",\"dateModified\":\"2016-07-18T12:50:26+00:00\",\"breadcrumb\":{\"@id\":\"https:\/\/www.finca-erotica.com\/fr\/contact\/mentions-legales\/#breadcrumb\"},\"inLanguage\":\"fr-FR\",\"potentialAction\":[{\"@type\":\"ReadAction\",\"target\":[\"https:\/\/www.finca-erotica.com\/fr\/contact\/mentions-legales\/\"]}]},{\"@type\":\"ImageObject\",\"inLanguage\":\"fr-FR\",\"@id\":\"https:\/\/www.finca-erotica.com\/fr\/contact\/mentions-legales\/#primaryimage\",\"url\":\"https:\/\/www.finca-erotica.com\/wp-content\/uploads\/2015\/09\/fkk-finca-erotica_menu_impressum.jpg\",\"contentUrl\":\"https:\/\/www.finca-erotica.com\/wp-content\/uploads\/2015\/09\/fkk-finca-erotica_menu_impressum.jpg\",\"width\":\"565\",\"height\":\"286\"},{\"@type\":\"BreadcrumbList\",\"@id\":\"https:\/\/www.finca-erotica.com\/fr\/contact\/mentions-legales\/#breadcrumb\",\"itemListElement\":[{\"@type\":\"ListItem\",\"position\":1,\"name\":\"Home\",\"item\":\"https:\/\/www.finca-erotica.com\/fr\/\"},{\"@type\":\"ListItem\",\"position\":2,\"name\":\"Contact\",\"item\":\"https:\/\/www.finca-erotica.com\/fr\/contact\/\"},{\"@type\":\"ListItem\",\"position\":3,\"name\":\"Mentions l\u00e9gales\"}]},{\"@type\":\"WebSite\",\"@id\":\"https:\/\/www.finca-erotica.com\/#website\",\"url\":\"https:\/\/www.finca-erotica.com\/\",\"name\":\"Finca Erotica\",\"description\":\"Eine weitere WordPress-Seite\",\"potentialAction\":[{\"@type\":\"SearchAction\",\"target\":{\"@type\":\"EntryPoint\",\"urlTemplate\":\"https:\/\/www.finca-erotica.com\/?s={search_term_string}\"},\"query-input\":{\"@type\":\"PropertyValueSpecification\",\"valueRequired\":true,\"valueName\":\"search_term_string\"}}],\"inLanguage\":\"fr-FR\"}]}<\/script>\n<!-- \/ Yoast SEO plugin. -->","yoast_head_json":{"title":"Mentions l\u00e9gales | Finca Erotica | FKK Germany","robots":{"index":"noindex","follow":"nofollow"},"og_locale":"fr_FR","og_type":"article","og_title":"Mentions l\u00e9gales | Finca Erotica | FKK Germany","og_description":"Sauna World GmbH S. Moos N\u00b0 TVA intracommunautaire: DE166838803 Industriestra\u00dfe 20 Heiligenroth T\u00e9l.: 02689-9729450 T\u00e9l. portable: 0172- 52 36 ASK www.finca-erotica.com Clause de non-responsabilit\u00e9 1. Contenu de l&rsquo;offre en ligne L&rsquo;auteur d\u00e9cline toute responsabilit\u00e9 quant \u00e0 l&rsquo;actualit\u00e9, l&rsquo;exactitude, l&rsquo;int\u00e9gralit\u00e9 ou la qualit\u00e9 des informations mises \u00e0 disposition. Des droits de responsabilit\u00e9 contre l&rsquo;auteur, en lien [&hellip;]","og_url":"https:\/\/www.finca-erotica.com\/fr\/contact\/mentions-legales\/","og_site_name":"Finca Erotica","article_modified_time":"2016-07-18T12:50:26+00:00","og_image":[{"width":565,"height":286,"url":"https:\/\/www.finca-erotica.com\/wp-content\/uploads\/2015\/09\/fkk-finca-erotica_menu_impressum.jpg","type":"image\/jpeg"}],"twitter_card":"summary_large_image","twitter_misc":{"Dur\u00e9e de lecture estim\u00e9e":"4 minutes"},"schema":{"@context":"https:\/\/schema.org","@graph":[{"@type":"WebPage","@id":"https:\/\/www.finca-erotica.com\/fr\/contact\/mentions-legales\/","url":"https:\/\/www.finca-erotica.com\/fr\/contact\/mentions-legales\/","name":"Mentions l\u00e9gales | Finca Erotica | FKK Germany","isPartOf":{"@id":"https:\/\/www.finca-erotica.com\/#website"},"primaryImageOfPage":{"@id":"https:\/\/www.finca-erotica.com\/fr\/contact\/mentions-legales\/#primaryimage"},"image":{"@id":"https:\/\/www.finca-erotica.com\/fr\/contact\/mentions-legales\/#primaryimage"},"thumbnailUrl":"https:\/\/www.finca-erotica.com\/wp-content\/uploads\/2015\/09\/fkk-finca-erotica_menu_impressum.jpg","datePublished":"2015-09-08T11:40:42+00:00","dateModified":"2016-07-18T12:50:26+00:00","breadcrumb":{"@id":"https:\/\/www.finca-erotica.com\/fr\/contact\/mentions-legales\/#breadcrumb"},"inLanguage":"fr-FR","potentialAction":[{"@type":"ReadAction","target":["https:\/\/www.finca-erotica.com\/fr\/contact\/mentions-legales\/"]}]},{"@type":"ImageObject","inLanguage":"fr-FR","@id":"https:\/\/www.finca-erotica.com\/fr\/contact\/mentions-legales\/#primaryimage","url":"https:\/\/www.finca-erotica.com\/wp-content\/uploads\/2015\/09\/fkk-finca-erotica_menu_impressum.jpg","contentUrl":"https:\/\/www.finca-erotica.com\/wp-content\/uploads\/2015\/09\/fkk-finca-erotica_menu_impressum.jpg","width":"565","height":"286"},{"@type":"BreadcrumbList","@id":"https:\/\/www.finca-erotica.com\/fr\/contact\/mentions-legales\/#breadcrumb","itemListElement":[{"@type":"ListItem","position":1,"name":"Home","item":"https:\/\/www.finca-erotica.com\/fr\/"},{"@type":"ListItem","position":2,"name":"Contact","item":"https:\/\/www.finca-erotica.com\/fr\/contact\/"},{"@type":"ListItem","position":3,"name":"Mentions l\u00e9gales"}]},{"@type":"WebSite","@id":"https:\/\/www.finca-erotica.com\/#website","url":"https:\/\/www.finca-erotica.com\/","name":"Finca Erotica","description":"Eine weitere WordPress-Seite","potentialAction":[{"@type":"SearchAction","target":{"@type":"EntryPoint","urlTemplate":"https:\/\/www.finca-erotica.com\/?s={search_term_string}"},"query-input":{"@type":"PropertyValueSpecification","valueRequired":true,"valueName":"search_term_string"}}],"inLanguage":"fr-FR"}]}},"_links":{"self":[{"href":"https:\/\/www.finca-erotica.com\/fr\/wp-json\/wp\/v2\/pages\/681","targetHints":{"allow":["GET"]}}],"collection":[{"href":"https:\/\/www.finca-erotica.com\/fr\/wp-json\/wp\/v2\/pages"}],"about":[{"href":"https:\/\/www.finca-erotica.com\/fr\/wp-json\/wp\/v2\/types\/page"}],"author":[{"embeddable":true,"href":"https:\/\/www.finca-erotica.com\/fr\/wp-json\/wp\/v2\/users\/1"}],"replies":[{"embeddable":true,"href":"https:\/\/www.finca-erotica.com\/fr\/wp-json\/wp\/v2\/comments?post=681"}],"version-history":[{"count":1,"href":"https:\/\/www.finca-erotica.com\/fr\/wp-json\/wp\/v2\/pages\/681\/revisions"}],"predecessor-version":[{"id":682,"href":"https:\/\/www.finca-erotica.com\/fr\/wp-json\/wp\/v2\/pages\/681\/revisions\/682"}],"up":[{"embeddable":true,"href":"https:\/\/www.finca-erotica.com\/fr\/wp-json\/wp\/v2\/pages\/541"}],"wp:featuredmedia":[{"embeddable":true,"href":"https:\/\/www.finca-erotica.com\/fr\/wp-json\/wp\/v2\/media\/7819"}],"wp:attachment":[{"href":"https:\/\/www.finca-erotica.com\/fr\/wp-json\/wp\/v2\/media?parent=681"}],"curies":[{"name":"wp","href":"https:\/\/api.w.org\/{rel}","templated":true}]}}